{"id":6,"date":"2013-06-12T00:38:58","date_gmt":"2013-06-12T00:38:58","guid":{"rendered":"http:\/\/reversal.themes.pixelentity.com\/?page_id=6"},"modified":"2017-11-06T18:10:09","modified_gmt":"2017-11-06T18:10:09","slug":"about","status":"publish","type":"page","link":"http:\/\/lyacon.com\/web\/","title":{"rendered":"Lustgarten y Asociados C.A"},"content":{"rendered":"<h2><strong><span style=\"color: #000000;\">Q U I E N E S \u00a0 S O M O S<\/span><\/strong><\/h2>\n<h4 style=\"text-align: justify;\"><\/h4>\n<h4 style=\"text-align: justify;\">Lustgarten y Asociados C.A se constituye en 1982 como una evoluci\u00f3n\u00a0de la firma Bourgeot-Lustgarten, cuya actividad comienza en el a\u00f1o 1961. De esta manera Lustgarten y Asociados C.A ha acumulado\u00a0una experiencia de m\u00e1s de 50 a\u00f1os en las \u00e1reas de Ingenier\u00eda, Consultor\u00eda, Construcci\u00f3n, Procura e Inspecci\u00f3n. Prestando estos servicios en los sectores\u00a0de Infraestructura, Industria y Petr\u00f3leo; entre otros.<\/h4>\n<h4 style=\"text-align: justify;\">La experiencia adquirida en las diferentes \u00e1reas en las que ha intervenido, forma parte del valor agregado que la empresa aporta en cada \u00a0proyecto que emprende. Por lo que simult\u00e1neamente est\u00e1n presentes tanto la experticia t\u00e9cnica de ingenier\u00eda como la de gerencia y ejecuci\u00f3n de obras. Esta experiencia se manifiesta en la generaci\u00f3n de soluciones t\u00e9cnicas originales y racionales a los retos planteados.<\/h4>\n<h4 style=\"text-align: justify;\">Lustgarten y Asociados C.A es pionera y l\u00edder en la ingenier\u00eda\u00a0de estructuras de gran complejidad. En el campo de puentes es la \u00fanica\u00a0empresa con experiencia y obras ejecutadas en puentes colgantes, atirantados, voladizos sucesivos y puentes en segmentos.<br \/>\nEntre las \u00e1reas en las cuales \u00a0la empresa presta servicios, se abarcan tambi\u00e9n edificaciones y estructuras en general, puentes, t\u00faneles, obras portuarias, obras industriales, etc.<\/h4>\n<h4 style=\"text-align: justify;\">Por lo tanto, nuestra experiencia diversificada en el espectro completo de obras de ingenier\u00eda nos permite un servicio profesional amplio y de \u00faltima tecnolog\u00eda.<\/h4>\n<p>&nbsp;<\/p>\n<p><a href=\"http:\/\/lyacon.com\/web\/home\/about\/imagen-prueba\/\" rel=\"attachment wp-att-1030\"><img loading=\"lazy\" decoding=\"async\" class=\"alignnone size-full wp-image-1030\" src=\"http:\/\/lyacon.com\/web\/wp-content\/uploads\/2017\/10\/Imagen-Prueba.jpg\" alt=\"\" width=\"1136\" height=\"189\" srcset=\"http:\/\/lyacon.com\/web\/wp-content\/uploads\/2017\/10\/Imagen-Prueba.jpg 1136w, http:\/\/lyacon.com\/web\/wp-content\/uploads\/2017\/10\/Imagen-Prueba-768x128.jpg 768w\" sizes=\"auto, (max-width: 1136px) 100vw, 1136px\" \/><\/a><\/p>\n<p>&nbsp;<\/p>\n<h3><span style=\"color: #000000;\"><strong>M I S I \u00d3 N\u00a0<\/strong><\/span><\/h3>\n<ul>\n<li>\n<h4 style=\"text-align: justify;\">Brindar los mejores servicios profesionales enfocados en la calidad y en la innovaci\u00f3n.<\/h4>\n<\/li>\n<\/ul>\n<h3><span style=\"color: #000000;\"><strong>V I S I \u00d3 N\u00a0<\/strong><\/span><\/h3>\n<ul>\n<li>\n<h4 style=\"text-align: justify;\">Continuar siendo la empresa l\u00edder y m\u00e1s innovadora en el \u00e1rea de infraestructura p\u00fablica y privada.<\/h4>\n<\/li>\n<li>\n<h4 style=\"text-align: justify;\">Continuar siendo una empresa de ingenier\u00eda y construcci\u00f3n con altos niveles y est\u00e1ndares de calidad y conocimiento t\u00e9cnico.<\/h4>\n<\/li>\n<\/ul>\n<p>&nbsp;<\/p>\n<h2><strong><span style=\"color: #000000;\">\u00a0S E R V I C I O S<\/span>\u00a0<\/strong><\/h2>\n<p><a href=\"http:\/\/lyacon.com\/web\/home\/about\/ingenieria-servicios\/\" rel=\"attachment wp-att-1078\"><img loading=\"lazy\" decoding=\"async\" class=\"alignnone size-full wp-image-1078\" src=\"http:\/\/lyacon.com\/web\/wp-content\/uploads\/2013\/06\/ingenieria-servicios.jpg\" alt=\"\" width=\"1650\" height=\"298\" srcset=\"http:\/\/lyacon.com\/web\/wp-content\/uploads\/2013\/06\/ingenieria-servicios.jpg 1650w, http:\/\/lyacon.com\/web\/wp-content\/uploads\/2013\/06\/ingenieria-servicios-768x139.jpg 768w\" sizes=\"auto, (max-width: 1650px) 100vw, 1650px\" \/><\/a><\/p>\n<p><a href=\"http:\/\/lyacon.com\/web\/home\/about\/inspeccion-servicios-2\/\" rel=\"attachment wp-att-1073\"><img loading=\"lazy\" decoding=\"async\" class=\"alignnone size-full wp-image-1073\" src=\"http:\/\/lyacon.com\/web\/wp-content\/uploads\/2017\/11\/Inspecci\u00f3n-servicios-1-1.jpg\" alt=\"\" width=\"1650\" height=\"298\" srcset=\"http:\/\/lyacon.com\/web\/wp-content\/uploads\/2017\/11\/Inspecci\u00f3n-servicios-1-1.jpg 1650w, http:\/\/lyacon.com\/web\/wp-content\/uploads\/2017\/11\/Inspecci\u00f3n-servicios-1-1-768x139.jpg 768w\" sizes=\"auto, (max-width: 1650px) 100vw, 1650px\" \/><\/a> <a href=\"http:\/\/lyacon.com\/web\/home\/about\/gerencia-control-de-proyectos-servicios\/\" rel=\"attachment wp-att-1071\"><img loading=\"lazy\" decoding=\"async\" class=\"alignnone size-full wp-image-1071\" src=\"http:\/\/lyacon.com\/web\/wp-content\/uploads\/2017\/11\/Gerencia-control-de-proyectos-servicios.jpg\" alt=\"\" width=\"1650\" height=\"297\" srcset=\"http:\/\/lyacon.com\/web\/wp-content\/uploads\/2017\/11\/Gerencia-control-de-proyectos-servicios.jpg 1650w, http:\/\/lyacon.com\/web\/wp-content\/uploads\/2017\/11\/Gerencia-control-de-proyectos-servicios-768x138.jpg 768w\" sizes=\"auto, (max-width: 1650px) 100vw, 1650px\" \/><\/a><\/p>\n<p><a href=\"http:\/\/lyacon.com\/web\/home\/about\/quienes-somos-1\/\" rel=\"attachment wp-att-1034\"><img loading=\"lazy\" decoding=\"async\" class=\"alignnone size-full wp-image-1034\" src=\"http:\/\/lyacon.com\/web\/wp-content\/uploads\/2013\/06\/Quienes-Somos-1.jpg\" alt=\"\" width=\"1134\" height=\"204\" \/><\/a><\/p>\n<h4><\/h4>\n<p>&nbsp;<\/p>\n<p>&nbsp;<\/p>\n<p>&nbsp;<\/p>\n<p>&nbsp;<\/p>\n<h4><\/h4>\n<h4><\/h4>\n<h4><\/h4>\n<h4><\/h4>\n<p>&nbsp;<\/p>\n<p>&nbsp;<\/p>\n","protected":false},"excerpt":{"rendered":"<p>Q U I E N E S \u00a0 S O M O S Lustgarten y Asociados C.A se constituye en 1982 como una evoluci\u00f3n\u00a0de la firma Bourgeot-Lustgarten, cuya actividad comienza en el a\u00f1o 1961. De esta manera Lustgarten y Asociados C.A ha acumulado\u00a0una experiencia de m\u00e1s de 50 a\u00f1os en las \u00e1reas de Ingenier\u00eda, Consultor\u00eda, [&hellip;]<\/p>\n","protected":false},"author":1,"featured_media":257,"parent":122,"menu_order":1,"comment_status":"open","ping_status":"open","template":"page-about.php","meta":{"footnotes":""},"class_list":["post-6","page","type-page","status-publish","has-post-thumbnail","hentry"],"_links":{"self":[{"href":"http:\/\/lyacon.com\/web\/wp-json\/wp\/v2\/pages\/6","targetHints":{"allow":["GET"]}}],"collection":[{"href":"http:\/\/lyacon.com\/web\/wp-json\/wp\/v2\/pages"}],"about":[{"href":"http:\/\/lyacon.com\/web\/wp-json\/wp\/v2\/types\/page"}],"author":[{"embeddable":true,"href":"http:\/\/lyacon.com\/web\/wp-json\/wp\/v2\/users\/1"}],"replies":[{"embeddable":true,"href":"http:\/\/lyacon.com\/web\/wp-json\/wp\/v2\/comments?post=6"}],"version-history":[{"count":2,"href":"http:\/\/lyacon.com\/web\/wp-json\/wp\/v2\/pages\/6\/revisions"}],"predecessor-version":[{"id":1079,"href":"http:\/\/lyacon.com\/web\/wp-json\/wp\/v2\/pages\/6\/revisions\/1079"}],"up":[{"embeddable":true,"href":"http:\/\/lyacon.com\/web\/wp-json\/wp\/v2\/pages\/122"}],"wp:featuredmedia":[{"embeddable":true,"href":"http:\/\/lyacon.com\/web\/wp-json\/wp\/v2\/media\/257"}],"wp:attachment":[{"href":"http:\/\/lyacon.com\/web\/wp-json\/wp\/v2\/media?parent=6"}],"curies":[{"name":"wp","href":"https:\/\/api.w.org\/{rel}","templated":true}]}}